{"id":4,"date":"2020-01-07T09:17:44","date_gmt":"2020-01-07T09:17:44","guid":{"rendered":"http:\/\/demo.thepunte.com\/punte\/yoga\/?page_id=4"},"modified":"2022-10-07T10:46:53","modified_gmt":"2022-10-07T08:46:53","slug":"home","status":"publish","type":"page","link":"https:\/\/www.lukaswidmer.ch\/en\/","title":{"rendered":"Home"},"content":{"rendered":"<div data-elementor-type=\"wp-page\" data-elementor-id=\"4\" class=\"elementor elementor-4\">\n\t\t\t\t\t\t<section class=\"elementor-section elementor-top-section elementor-element elementor-element-5531356 elementor-section-boxed elementor-section-height-default elementor-section-height-default\" data-id=\"5531356\" data-element_type=\"section\" data-e-type=\"section\" data-settings=\"{&quot;background_background&quot;:&quot;classic&quot;}\">\n\t\t\t\t\t\t\t<div class=\"elementor-background-overlay\"><\/div>\n\t\t\t\t\t\t\t<div class=\"elementor-container elementor-column-gap-default\">\n\t\t\t\t\t<div class=\"elementor-column elementor-col-100 elementor-top-column elementor-element elementor-element-11c31da\" data-id=\"11c31da\" data-element_type=\"column\" data-e-type=\"column\">\n\t\t\t<div class=\"elementor-widget-wrap elementor-element-populated\">\n\t\t\t\t\t\t<div class=\"elementor-element elementor-element-c7f125a elementor-widget elementor-widget-heading\" data-id=\"c7f125a\" data-element_type=\"widget\" data-e-type=\"widget\" data-widget_type=\"heading.default\">\n\t\t\t\t<div class=\"elementor-widget-container\">\n\t\t\t\t\t<h2 class=\"elementor-heading-title elementor-size-default\">Mediation<\/h2>\t\t\t\t<\/div>\n\t\t\t\t<\/div>\n\t\t\t\t<div class=\"elementor-element elementor-element-991f12b elementor-widget elementor-widget-text-editor\" data-id=\"991f12b\" data-element_type=\"widget\" data-e-type=\"widget\" data-widget_type=\"text-editor.default\">\n\t\t\t\t<div class=\"elementor-widget-container\">\n\t\t\t\t\t\t\t\t\t<p>Transform disagreements and conflicts into sustainable agreements - to the satisfaction of all parties involved.<\/p>\t\t\t\t\t\t\t\t<\/div>\n\t\t\t\t<\/div>\n\t\t\t\t\t<\/div>\n\t\t<\/div>\n\t\t\t\t\t<\/div>\n\t\t<\/section>\n\t\t\t\t<section class=\"elementor-section elementor-top-section elementor-element elementor-element-44953fb elementor-section-boxed elementor-section-height-default elementor-section-height-default\" data-id=\"44953fb\" data-element_type=\"section\" data-e-type=\"section\">\n\t\t\t\t\t\t<div class=\"elementor-container elementor-column-gap-default\">\n\t\t\t\t\t<div class=\"elementor-column elementor-col-50 elementor-top-column elementor-element elementor-element-848d055\" data-id=\"848d055\" data-element_type=\"column\" data-e-type=\"column\">\n\t\t\t<div class=\"elementor-widget-wrap elementor-element-populated\">\n\t\t\t\t\t\t<div class=\"elementor-element elementor-element-a547858 elementor-widget elementor-widget-heading\" data-id=\"a547858\" data-element_type=\"widget\" data-e-type=\"widget\" data-widget_type=\"heading.default\">\n\t\t\t\t<div class=\"elementor-widget-container\">\n\t\t\t\t\t<h2 class=\"elementor-heading-title elementor-size-default\">About me<\/h2>\t\t\t\t<\/div>\n\t\t\t\t<\/div>\n\t\t\t\t<div class=\"elementor-element elementor-element-8887d9c elementor-widget elementor-widget-text-editor\" data-id=\"8887d9c\" data-element_type=\"widget\" data-e-type=\"widget\" data-widget_type=\"text-editor.default\">\n\t\t\t\t<div class=\"elementor-widget-container\">\n\t\t\t\t\t\t\t\t\t<p>The experience I have gained from my professional career in many industries, different company sizes and, above all, working with people ranging from tradesmen to CEOs has taught me that there are often different ways of looking at the same issue. Just as often, those involved want a good solution for everybody. This realisation brought me to mediation.<\/p><p>With my experience, my expertise and with my calm and structured manner, I am happy to help you in conflict situations.<\/p>\t\t\t\t\t\t\t\t<\/div>\n\t\t\t\t<\/div>\n\t\t\t\t<div class=\"elementor-element elementor-element-0ce40f2 elementor-button-info elementor-widget elementor-widget-button\" data-id=\"0ce40f2\" data-element_type=\"widget\" data-e-type=\"widget\" data-widget_type=\"button.default\">\n\t\t\t\t<div class=\"elementor-widget-container\">\n\t\t\t\t\t\t\t\t\t<div class=\"elementor-button-wrapper\">\n\t\t\t\t\t<a class=\"elementor-button elementor-button-link elementor-size-sm\" href=\"https:\/\/www.lukaswidmer.ch\/en\/ueber-mich\/\">\n\t\t\t\t\t\t<span class=\"elementor-button-content-wrapper\">\n\t\t\t\t\t\t\t\t\t<span class=\"elementor-button-text\">More about me<\/span>\n\t\t\t\t\t<\/span>\n\t\t\t\t\t<\/a>\n\t\t\t\t<\/div>\n\t\t\t\t\t\t\t\t<\/div>\n\t\t\t\t<\/div>\n\t\t\t\t<div class=\"elementor-element elementor-element-f1b2b2a elementor-widget elementor-widget-spacer\" data-id=\"f1b2b2a\" data-element_type=\"widget\" data-e-type=\"widget\" data-widget_type=\"spacer.default\">\n\t\t\t\t<div class=\"elementor-widget-container\">\n\t\t\t\t\t\t\t<div class=\"elementor-spacer\">\n\t\t\t<div class=\"elementor-spacer-inner\"><\/div>\n\t\t<\/div>\n\t\t\t\t\t\t<\/div>\n\t\t\t\t<\/div>\n\t\t\t\t\t<\/div>\n\t\t<\/div>\n\t\t\t\t<div class=\"elementor-column elementor-col-50 elementor-top-column elementor-element elementor-element-4c70691\" data-id=\"4c70691\" data-element_type=\"column\" data-e-type=\"column\">\n\t\t\t<div class=\"elementor-widget-wrap elementor-element-populated\">\n\t\t\t\t\t\t<div class=\"elementor-element elementor-element-ec69824 elementor-widget elementor-widget-image\" data-id=\"ec69824\" data-element_type=\"widget\" data-e-type=\"widget\" data-widget_type=\"image.default\">\n\t\t\t\t<div class=\"elementor-widget-container\">\n\t\t\t\t\t\t\t\t\t\t\t\t\t\t\t<img fetchpriority=\"high\" decoding=\"async\" width=\"740\" height=\"740\" src=\"https:\/\/www.lukaswidmer.ch\/wp-content\/uploads\/Lukas_Widmer-1024x1024.jpg\" class=\"attachment-large size-large wp-image-148\" alt=\"\" srcset=\"https:\/\/www.lukaswidmer.ch\/wp-content\/uploads\/Lukas_Widmer.jpg 1024w, https:\/\/www.lukaswidmer.ch\/wp-content\/uploads\/Lukas_Widmer-300x300.jpg 300w, https:\/\/www.lukaswidmer.ch\/wp-content\/uploads\/Lukas_Widmer-150x150.jpg 150w, https:\/\/www.lukaswidmer.ch\/wp-content\/uploads\/Lukas_Widmer-768x768.jpg 768w, https:\/\/www.lukaswidmer.ch\/wp-content\/uploads\/Lukas_Widmer-550x550.jpg 550w, https:\/\/www.lukaswidmer.ch\/wp-content\/uploads\/Lukas_Widmer-600x600.jpg 600w, https:\/\/www.lukaswidmer.ch\/wp-content\/uploads\/Lukas_Widmer-100x100.jpg 100w\" sizes=\"(max-width: 740px) 100vw, 740px\" \/>\t\t\t\t\t\t\t\t\t\t\t\t\t\t\t<\/div>\n\t\t\t\t<\/div>\n\t\t\t\t\t<\/div>\n\t\t<\/div>\n\t\t\t\t\t<\/div>\n\t\t<\/section>\n\t\t\t\t<section class=\"elementor-section elementor-top-section elementor-element elementor-element-1d9ac48 elementor-section-boxed elementor-section-height-default elementor-section-height-default\" data-id=\"1d9ac48\" data-element_type=\"section\" data-e-type=\"section\" data-settings=\"{&quot;background_background&quot;:&quot;classic&quot;}\">\n\t\t\t\t\t\t<div class=\"elementor-container elementor-column-gap-default\">\n\t\t\t\t\t<div class=\"elementor-column elementor-col-100 elementor-top-column elementor-element elementor-element-c564830\" data-id=\"c564830\" data-element_type=\"column\" data-e-type=\"column\">\n\t\t\t<div class=\"elementor-widget-wrap elementor-element-populated\">\n\t\t\t\t\t\t<div class=\"elementor-element elementor-element-f9f3cb0 elementor-widget elementor-widget-heading\" data-id=\"f9f3cb0\" data-element_type=\"widget\" data-e-type=\"widget\" data-widget_type=\"heading.default\">\n\t\t\t\t<div class=\"elementor-widget-container\">\n\t\t\t\t\t<h2 class=\"elementor-heading-title elementor-size-default\">What is mediation?<\/h2>\t\t\t\t<\/div>\n\t\t\t\t<\/div>\n\t\t\t\t<section class=\"elementor-section elementor-inner-section elementor-element elementor-element-fd5a3a4 elementor-section-boxed elementor-section-height-default elementor-section-height-default\" data-id=\"fd5a3a4\" data-element_type=\"section\" data-e-type=\"section\">\n\t\t\t\t\t\t<div class=\"elementor-container elementor-column-gap-default\">\n\t\t\t\t\t<div class=\"elementor-column elementor-col-33 elementor-inner-column elementor-element elementor-element-39b4400\" data-id=\"39b4400\" data-element_type=\"column\" data-e-type=\"column\">\n\t\t\t<div class=\"elementor-widget-wrap elementor-element-populated\">\n\t\t\t\t\t\t<div class=\"elementor-element elementor-element-fbd7c47 elementor-position-top elementor-widget elementor-widget-image-box\" data-id=\"fbd7c47\" data-element_type=\"widget\" data-e-type=\"widget\" data-widget_type=\"image-box.default\">\n\t\t\t\t<div class=\"elementor-widget-container\">\n\t\t\t\t\t<div class=\"elementor-image-box-wrapper\"><figure class=\"elementor-image-box-img\"><img decoding=\"async\" width=\"512\" height=\"512\" src=\"https:\/\/www.lukaswidmer.ch\/wp-content\/uploads\/037-experience.png\" class=\"attachment-full size-full wp-image-157\" alt=\"\" srcset=\"https:\/\/www.lukaswidmer.ch\/wp-content\/uploads\/037-experience.png 512w, https:\/\/www.lukaswidmer.ch\/wp-content\/uploads\/037-experience-300x300.png 300w, https:\/\/www.lukaswidmer.ch\/wp-content\/uploads\/037-experience-150x150.png 150w, https:\/\/www.lukaswidmer.ch\/wp-content\/uploads\/037-experience-100x100.png 100w\" sizes=\"(max-width: 512px) 100vw, 512px\" \/><\/figure><div class=\"elementor-image-box-content\"><h3 class=\"elementor-image-box-title\">A clear procedure<\/h3><p class=\"elementor-image-box-description\">Mediation is a clearly structured process in which the participants work step by step towards a solution.<\/p><\/div><\/div>\t\t\t\t<\/div>\n\t\t\t\t<\/div>\n\t\t\t\t\t<\/div>\n\t\t<\/div>\n\t\t\t\t<div class=\"elementor-column elementor-col-33 elementor-inner-column elementor-element elementor-element-a40866a\" data-id=\"a40866a\" data-element_type=\"column\" data-e-type=\"column\">\n\t\t\t<div class=\"elementor-widget-wrap elementor-element-populated\">\n\t\t\t\t\t\t<div class=\"elementor-element elementor-element-9d43e2f elementor-position-top elementor-widget elementor-widget-image-box\" data-id=\"9d43e2f\" data-element_type=\"widget\" data-e-type=\"widget\" data-widget_type=\"image-box.default\">\n\t\t\t\t<div class=\"elementor-widget-container\">\n\t\t\t\t\t<div class=\"elementor-image-box-wrapper\"><figure class=\"elementor-image-box-img\"><img decoding=\"async\" width=\"512\" height=\"512\" src=\"https:\/\/www.lukaswidmer.ch\/wp-content\/uploads\/012-success.png\" class=\"attachment-full size-full wp-image-287\" alt=\"\" srcset=\"https:\/\/www.lukaswidmer.ch\/wp-content\/uploads\/012-success.png 512w, https:\/\/www.lukaswidmer.ch\/wp-content\/uploads\/012-success-300x300.png 300w, https:\/\/www.lukaswidmer.ch\/wp-content\/uploads\/012-success-150x150.png 150w\" sizes=\"(max-width: 512px) 100vw, 512px\" \/><\/figure><div class=\"elementor-image-box-content\"><h3 class=\"elementor-image-box-title\">Future-oriented<\/h3><p class=\"elementor-image-box-description\">Mediation is about looking forward. The goal is an agreement to which all participants are happy to say yes.<\/p><\/div><\/div>\t\t\t\t<\/div>\n\t\t\t\t<\/div>\n\t\t\t\t\t<\/div>\n\t\t<\/div>\n\t\t\t\t<div class=\"elementor-column elementor-col-33 elementor-inner-column elementor-element elementor-element-6779ad9\" data-id=\"6779ad9\" data-element_type=\"column\" data-e-type=\"column\">\n\t\t\t<div class=\"elementor-widget-wrap elementor-element-populated\">\n\t\t\t\t\t\t<div class=\"elementor-element elementor-element-8250c9a elementor-position-top elementor-widget elementor-widget-image-box\" data-id=\"8250c9a\" data-element_type=\"widget\" data-e-type=\"widget\" data-widget_type=\"image-box.default\">\n\t\t\t\t<div class=\"elementor-widget-container\">\n\t\t\t\t\t<div class=\"elementor-image-box-wrapper\"><figure class=\"elementor-image-box-img\"><img loading=\"lazy\" decoding=\"async\" width=\"512\" height=\"512\" src=\"https:\/\/www.lukaswidmer.ch\/wp-content\/uploads\/022-puzzle.png\" class=\"attachment-full size-full wp-image-297\" alt=\"\" srcset=\"https:\/\/www.lukaswidmer.ch\/wp-content\/uploads\/022-puzzle.png 512w, https:\/\/www.lukaswidmer.ch\/wp-content\/uploads\/022-puzzle-300x300.png 300w, https:\/\/www.lukaswidmer.ch\/wp-content\/uploads\/022-puzzle-150x150.png 150w\" sizes=\"(max-width: 512px) 100vw, 512px\" \/><\/figure><div class=\"elementor-image-box-content\"><h3 class=\"elementor-image-box-title\">For large and small issues<\/h3><p class=\"elementor-image-box-description\">Mediation is a process that is suitable for both small and large conflicts. The earlier you start, the easier it is to find a solution.<\/p><\/div><\/div>\t\t\t\t<\/div>\n\t\t\t\t<\/div>\n\t\t\t\t\t<\/div>\n\t\t<\/div>\n\t\t\t\t\t<\/div>\n\t\t<\/section>\n\t\t\t\t<div class=\"elementor-element elementor-element-557db1d elementor-widget elementor-widget-spacer\" data-id=\"557db1d\" data-element_type=\"widget\" data-e-type=\"widget\" data-widget_type=\"spacer.default\">\n\t\t\t\t<div class=\"elementor-widget-container\">\n\t\t\t\t\t\t\t<div class=\"elementor-spacer\">\n\t\t\t<div class=\"elementor-spacer-inner\"><\/div>\n\t\t<\/div>\n\t\t\t\t\t\t<\/div>\n\t\t\t\t<\/div>\n\t\t\t\t<div class=\"elementor-element elementor-element-4d1d2cd elementor-button-info elementor-widget elementor-widget-button\" data-id=\"4d1d2cd\" data-element_type=\"widget\" data-e-type=\"widget\" data-widget_type=\"button.default\">\n\t\t\t\t<div class=\"elementor-widget-container\">\n\t\t\t\t\t\t\t\t\t<div class=\"elementor-button-wrapper\">\n\t\t\t\t\t<a class=\"elementor-button elementor-button-link elementor-size-sm\" href=\"https:\/\/www.lukaswidmer.ch\/en\/mediation\/\">\n\t\t\t\t\t\t<span class=\"elementor-button-content-wrapper\">\n\t\t\t\t\t\t\t\t\t<span class=\"elementor-button-text\">More about mediation<\/span>\n\t\t\t\t\t<\/span>\n\t\t\t\t\t<\/a>\n\t\t\t\t<\/div>\n\t\t\t\t\t\t\t\t<\/div>\n\t\t\t\t<\/div>\n\t\t\t\t\t<\/div>\n\t\t<\/div>\n\t\t\t\t\t<\/div>\n\t\t<\/section>\n\t\t\t\t<\/div>","protected":false},"excerpt":{"rendered":"<p>Mediation Transformieren Sie Meinungsverschiedenheiten und Konflikte in zukunftsf\u00e4hige Vereinbarungen \u2013 zur Zufriedenheit aller Beteiligten. \u00dcber mich Die Erfahrungen aus meiner Berufst\u00e4tigkeit in vielen Branchen, unterschiedlichen Unternehmensgr\u00f6ssen und vor allem die Zusammenarbeit vom Handwerker bis zum CEO lehrten mich: Oft gibt es unterschiedliche Sichtweisen auf ein Thema. Genauso oft wollen die Beteiligten eine gute L\u00f6sung f\u00fcr [&hellip;]<\/p>\n","protected":false},"author":1,"featured_media":0,"parent":0,"menu_order":0,"comment_status":"closed","ping_status":"closed","template":"elementor_header_footer","meta":{"footnotes":""},"class_list":["post-4","page","type-page","status-publish","hentry"],"yoast_head":"<!-- This site is optimized with the Yoast SEO plugin v27.3 - https:\/\/yoast.com\/product\/yoast-seo-wordpress\/ -->\n<title>Mediation und Konfliktkl\u00e4rung &#8211; Lukas Widmer<\/title>\n<meta name=\"description\" content=\"Mediation: Transformieren Sie Meinungsverschiedenheiten und Konflikte in zukunftsf\u00e4hige Vereinbarungen \u2013 zur Zufriedenheit aller Beteiligten.\" \/>\n<meta name=\"robots\" content=\"index, follow, max-snippet:-1, max-image-preview:large, max-video-preview:-1\" \/>\n<link rel=\"canonical\" href=\"https:\/\/www.lukaswidmer.ch\/en\/\" \/>\n<meta property=\"og:locale\" content=\"en_GB\" \/>\n<meta property=\"og:type\" content=\"article\" \/>\n<meta property=\"og:title\" content=\"Mediation und Konfliktkl\u00e4rung &#8211; Lukas Widmer\" \/>\n<meta property=\"og:description\" content=\"Mediation: Transformieren Sie Meinungsverschiedenheiten und Konflikte in zukunftsf\u00e4hige Vereinbarungen \u2013 zur Zufriedenheit aller Beteiligten.\" \/>\n<meta property=\"og:url\" content=\"https:\/\/www.lukaswidmer.ch\/en\/\" \/>\n<meta property=\"og:site_name\" content=\"Lukas Widmer\" \/>\n<meta property=\"article:modified_time\" content=\"2022-10-07T08:46:53+00:00\" \/>\n<meta property=\"og:image\" content=\"http:\/\/www.lukaswidmer.ch\/wp-content\/uploads\/Lukas_Widmer-1024x1024.jpg\" \/>\n<meta name=\"twitter:label1\" content=\"Estimated reading time\" \/>\n\t<meta name=\"twitter:data1\" content=\"2 minutes\" \/>\n<script type=\"application\/ld+json\" class=\"yoast-schema-graph\">{\"@context\":\"https:\\\/\\\/schema.org\",\"@graph\":[{\"@type\":\"WebPage\",\"@id\":\"https:\\\/\\\/www.lukaswidmer.ch\\\/\",\"url\":\"https:\\\/\\\/www.lukaswidmer.ch\\\/\",\"name\":\"Mediation und Konfliktkl\u00e4rung &#8211; Lukas Widmer\",\"isPartOf\":{\"@id\":\"https:\\\/\\\/www.lukaswidmer.ch\\\/#website\"},\"primaryImageOfPage\":{\"@id\":\"https:\\\/\\\/www.lukaswidmer.ch\\\/#primaryimage\"},\"image\":{\"@id\":\"https:\\\/\\\/www.lukaswidmer.ch\\\/#primaryimage\"},\"thumbnailUrl\":\"http:\\\/\\\/www.lukaswidmer.ch\\\/wp-content\\\/uploads\\\/Lukas_Widmer-1024x1024.jpg\",\"datePublished\":\"2020-01-07T09:17:44+00:00\",\"dateModified\":\"2022-10-07T08:46:53+00:00\",\"description\":\"Mediation: Transformieren Sie Meinungsverschiedenheiten und Konflikte in zukunftsf\u00e4hige Vereinbarungen \u2013 zur Zufriedenheit aller Beteiligten.\",\"breadcrumb\":{\"@id\":\"https:\\\/\\\/www.lukaswidmer.ch\\\/#breadcrumb\"},\"inLanguage\":\"en-GB\",\"potentialAction\":[{\"@type\":\"ReadAction\",\"target\":[\"https:\\\/\\\/www.lukaswidmer.ch\\\/\"]}]},{\"@type\":\"ImageObject\",\"inLanguage\":\"en-GB\",\"@id\":\"https:\\\/\\\/www.lukaswidmer.ch\\\/#primaryimage\",\"url\":\"http:\\\/\\\/www.lukaswidmer.ch\\\/wp-content\\\/uploads\\\/Lukas_Widmer-1024x1024.jpg\",\"contentUrl\":\"http:\\\/\\\/www.lukaswidmer.ch\\\/wp-content\\\/uploads\\\/Lukas_Widmer-1024x1024.jpg\"},{\"@type\":\"BreadcrumbList\",\"@id\":\"https:\\\/\\\/www.lukaswidmer.ch\\\/#breadcrumb\",\"itemListElement\":[{\"@type\":\"ListItem\",\"position\":1,\"name\":\"Startseite\",\"item\":\"https:\\\/\\\/www.lukaswidmer.ch\\\/\"},{\"@type\":\"ListItem\",\"position\":2,\"name\":\"Home\"}]},{\"@type\":\"WebSite\",\"@id\":\"https:\\\/\\\/www.lukaswidmer.ch\\\/#website\",\"url\":\"https:\\\/\\\/www.lukaswidmer.ch\\\/\",\"name\":\"Lukas Widmer\",\"description\":\"Mediation und Konfliktkl\u00e4rung\",\"publisher\":{\"@id\":\"https:\\\/\\\/www.lukaswidmer.ch\\\/#\\\/schema\\\/person\\\/35575dd0796ad777e5e616c4190af176\"},\"potentialAction\":[{\"@type\":\"SearchAction\",\"target\":{\"@type\":\"EntryPoint\",\"urlTemplate\":\"https:\\\/\\\/www.lukaswidmer.ch\\\/?s={search_term_string}\"},\"query-input\":{\"@type\":\"PropertyValueSpecification\",\"valueRequired\":true,\"valueName\":\"search_term_string\"}}],\"inLanguage\":\"en-GB\"},{\"@type\":[\"Person\",\"Organization\"],\"@id\":\"https:\\\/\\\/www.lukaswidmer.ch\\\/#\\\/schema\\\/person\\\/35575dd0796ad777e5e616c4190af176\",\"name\":\"Lukas Widmer\",\"image\":{\"@type\":\"ImageObject\",\"inLanguage\":\"en-GB\",\"@id\":\"https:\\\/\\\/www.lukaswidmer.ch\\\/wp-content\\\/uploads\\\/Lukas_Widmer_k-1.jpeg\",\"url\":\"https:\\\/\\\/www.lukaswidmer.ch\\\/wp-content\\\/uploads\\\/Lukas_Widmer_k-1.jpeg\",\"contentUrl\":\"https:\\\/\\\/www.lukaswidmer.ch\\\/wp-content\\\/uploads\\\/Lukas_Widmer_k-1.jpeg\",\"width\":1600,\"height\":1068,\"caption\":\"Lukas Widmer\"},\"logo\":{\"@id\":\"https:\\\/\\\/www.lukaswidmer.ch\\\/wp-content\\\/uploads\\\/Lukas_Widmer_k-1.jpeg\"},\"sameAs\":[\"http:\\\/\\\/www.lukaswidmer.ch\",\"https:\\\/\\\/www.linkedin.com\\\/in\\\/lukaswidmer\\\/\"]}]}<\/script>\n<!-- \/ Yoast SEO plugin. -->","yoast_head_json":{"title":"Mediation und Konfliktkl\u00e4rung &#8211; Lukas Widmer","description":"Mediation: Transformieren Sie Meinungsverschiedenheiten und Konflikte in zukunftsf\u00e4hige Vereinbarungen \u2013 zur Zufriedenheit aller Beteiligten.","robots":{"index":"index","follow":"follow","max-snippet":"max-snippet:-1","max-image-preview":"max-image-preview:large","max-video-preview":"max-video-preview:-1"},"canonical":"https:\/\/www.lukaswidmer.ch\/en\/","og_locale":"en_GB","og_type":"article","og_title":"Mediation und Konfliktkl\u00e4rung &#8211; Lukas Widmer","og_description":"Mediation: Transformieren Sie Meinungsverschiedenheiten und Konflikte in zukunftsf\u00e4hige Vereinbarungen \u2013 zur Zufriedenheit aller Beteiligten.","og_url":"https:\/\/www.lukaswidmer.ch\/en\/","og_site_name":"Lukas Widmer","article_modified_time":"2022-10-07T08:46:53+00:00","og_image":[{"url":"http:\/\/www.lukaswidmer.ch\/wp-content\/uploads\/Lukas_Widmer-1024x1024.jpg","type":"","width":"","height":""}],"twitter_misc":{"Estimated reading time":"2 minutes"},"schema":{"@context":"https:\/\/schema.org","@graph":[{"@type":"WebPage","@id":"https:\/\/www.lukaswidmer.ch\/","url":"https:\/\/www.lukaswidmer.ch\/","name":"Mediation und Konfliktkl\u00e4rung &#8211; Lukas Widmer","isPartOf":{"@id":"https:\/\/www.lukaswidmer.ch\/#website"},"primaryImageOfPage":{"@id":"https:\/\/www.lukaswidmer.ch\/#primaryimage"},"image":{"@id":"https:\/\/www.lukaswidmer.ch\/#primaryimage"},"thumbnailUrl":"http:\/\/www.lukaswidmer.ch\/wp-content\/uploads\/Lukas_Widmer-1024x1024.jpg","datePublished":"2020-01-07T09:17:44+00:00","dateModified":"2022-10-07T08:46:53+00:00","description":"Mediation: Transformieren Sie Meinungsverschiedenheiten und Konflikte in zukunftsf\u00e4hige Vereinbarungen \u2013 zur Zufriedenheit aller Beteiligten.","breadcrumb":{"@id":"https:\/\/www.lukaswidmer.ch\/#breadcrumb"},"inLanguage":"en-GB","potentialAction":[{"@type":"ReadAction","target":["https:\/\/www.lukaswidmer.ch\/"]}]},{"@type":"ImageObject","inLanguage":"en-GB","@id":"https:\/\/www.lukaswidmer.ch\/#primaryimage","url":"http:\/\/www.lukaswidmer.ch\/wp-content\/uploads\/Lukas_Widmer-1024x1024.jpg","contentUrl":"http:\/\/www.lukaswidmer.ch\/wp-content\/uploads\/Lukas_Widmer-1024x1024.jpg"},{"@type":"BreadcrumbList","@id":"https:\/\/www.lukaswidmer.ch\/#breadcrumb","itemListElement":[{"@type":"ListItem","position":1,"name":"Startseite","item":"https:\/\/www.lukaswidmer.ch\/"},{"@type":"ListItem","position":2,"name":"Home"}]},{"@type":"WebSite","@id":"https:\/\/www.lukaswidmer.ch\/#website","url":"https:\/\/www.lukaswidmer.ch\/","name":"Lukas Widmer","description":"Mediation and Conflict Resolution","publisher":{"@id":"https:\/\/www.lukaswidmer.ch\/#\/schema\/person\/35575dd0796ad777e5e616c4190af176"},"potentialAction":[{"@type":"SearchAction","target":{"@type":"EntryPoint","urlTemplate":"https:\/\/www.lukaswidmer.ch\/?s={search_term_string}"},"query-input":{"@type":"PropertyValueSpecification","valueRequired":true,"valueName":"search_term_string"}}],"inLanguage":"en-GB"},{"@type":["Person","Organization"],"@id":"https:\/\/www.lukaswidmer.ch\/#\/schema\/person\/35575dd0796ad777e5e616c4190af176","name":"Lukas Widmer","image":{"@type":"ImageObject","inLanguage":"en-GB","@id":"https:\/\/www.lukaswidmer.ch\/wp-content\/uploads\/Lukas_Widmer_k-1.jpeg","url":"https:\/\/www.lukaswidmer.ch\/wp-content\/uploads\/Lukas_Widmer_k-1.jpeg","contentUrl":"https:\/\/www.lukaswidmer.ch\/wp-content\/uploads\/Lukas_Widmer_k-1.jpeg","width":1600,"height":1068,"caption":"Lukas Widmer"},"logo":{"@id":"https:\/\/www.lukaswidmer.ch\/wp-content\/uploads\/Lukas_Widmer_k-1.jpeg"},"sameAs":["http:\/\/www.lukaswidmer.ch","https:\/\/www.linkedin.com\/in\/lukaswidmer\/"]}]}},"_links":{"self":[{"href":"https:\/\/www.lukaswidmer.ch\/en\/wp-json\/wp\/v2\/pages\/4","targetHints":{"allow":["GET"]}}],"collection":[{"href":"https:\/\/www.lukaswidmer.ch\/en\/wp-json\/wp\/v2\/pages"}],"about":[{"href":"https:\/\/www.lukaswidmer.ch\/en\/wp-json\/wp\/v2\/types\/page"}],"author":[{"embeddable":true,"href":"https:\/\/www.lukaswidmer.ch\/en\/wp-json\/wp\/v2\/users\/1"}],"replies":[{"embeddable":true,"href":"https:\/\/www.lukaswidmer.ch\/en\/wp-json\/wp\/v2\/comments?post=4"}],"version-history":[{"count":61,"href":"https:\/\/www.lukaswidmer.ch\/en\/wp-json\/wp\/v2\/pages\/4\/revisions"}],"predecessor-version":[{"id":487,"href":"https:\/\/www.lukaswidmer.ch\/en\/wp-json\/wp\/v2\/pages\/4\/revisions\/487"}],"wp:attachment":[{"href":"https:\/\/www.lukaswidmer.ch\/en\/wp-json\/wp\/v2\/media?parent=4"}],"curies":[{"name":"wp","href":"https:\/\/api.w.org\/{rel}","templated":true}]}}